{"id":1972,"date":"2021-09-08T18:48:30","date_gmt":"2021-09-08T16:48:30","guid":{"rendered":"http:\/\/tudagbi.cluster028.hosting.ovh.net\/?page_id=1972"},"modified":"2021-09-08T18:48:30","modified_gmt":"2021-09-08T16:48:30","slug":"oxygene","status":"publish","type":"page","link":"http:\/\/tudagbi.cluster028.hosting.ovh.net\/?page_id=1972","title":{"rendered":"Oxyg\u00e8ne"},"content":{"rendered":"<p>Cette activit\u00e9 propose, selon la m\u00e9t\u00e9o, diff\u00e9rentes options, <strong>toujours en ext\u00e9rieur<\/strong> : gym en milieu naturel, utilisation du mobilier urbain, marche sportive, etc\u2026<\/p>\n<p>&nbsp;<\/p>\n","protected":false},"excerpt":{"rendered":"<p>Cette activit\u00e9 propose, selon la m\u00e9t\u00e9o, diff\u00e9rentes options, toujours en ext\u00e9rieur : gym en milieu naturel, utilisation du mobilier urbain, marche sportive, etc\u2026 &nbsp;<\/p>\n","protected":false},"author":1,"featured_media":0,"parent":0,"menu_order":0,"comment_status":"closed","ping_status":"closed","template":"","meta":{"ngg_post_thumbnail":0,"footnotes":""},"class_list":["post-1972","page","type-page","status-publish","hentry"],"jetpack_sharing_enabled":true,"_links":{"self":[{"href":"http:\/\/tudagbi.cluster028.hosting.ovh.net\/index.php?rest_route=\/wp\/v2\/pages\/1972","targetHints":{"allow":["GET"]}}],"collection":[{"href":"http:\/\/tudagbi.cluster028.hosting.ovh.net\/index.php?rest_route=\/wp\/v2\/pages"}],"about":[{"href":"http:\/\/tudagbi.cluster028.hosting.ovh.net\/index.php?rest_route=\/wp\/v2\/types\/page"}],"author":[{"embeddable":true,"href":"http:\/\/tudagbi.cluster028.hosting.ovh.net\/index.php?rest_route=\/wp\/v2\/users\/1"}],"replies":[{"embeddable":true,"href":"http:\/\/tudagbi.cluster028.hosting.ovh.net\/index.php?rest_route=%2Fwp%2Fv2%2Fcomments&post=1972"}],"version-history":[{"count":2,"href":"http:\/\/tudagbi.cluster028.hosting.ovh.net\/index.php?rest_route=\/wp\/v2\/pages\/1972\/revisions"}],"predecessor-version":[{"id":1975,"href":"http:\/\/tudagbi.cluster028.hosting.ovh.net\/index.php?rest_route=\/wp\/v2\/pages\/1972\/revisions\/1975"}],"wp:attachment":[{"href":"http:\/\/tudagbi.cluster028.hosting.ovh.net\/index.php?rest_route=%2Fwp%2Fv2%2Fmedia&parent=1972"}],"curies":[{"name":"wp","href":"https:\/\/api.w.org\/{rel}","templated":true}]}}