{"id":2073,"date":"2022-07-05T21:05:08","date_gmt":"2022-07-05T19:05:08","guid":{"rendered":"http:\/\/tudagbi.cluster028.hosting.ovh.net\/?page_id=2073"},"modified":"2026-03-18T18:41:25","modified_gmt":"2026-03-18T17:41:25","slug":"bureau-2022","status":"publish","type":"page","link":"http:\/\/tudagbi.cluster028.hosting.ovh.net\/?page_id=2073","title":{"rendered":"Le bureau et les animateurs"},"content":{"rendered":"<h2 style=\"text-align: center;\"><span style=\"font-size: 14pt;\"><strong><span style=\"font-size: 24pt;\">Le bureau<\/span><br \/>\n<\/strong><\/span><\/h2>\n<h4><img loading=\"lazy\" decoding=\"async\" class=\"aligncenter wp-image-2360\" src=\"http:\/\/tudagbi.cluster028.hosting.ovh.net\/wp-content\/uploads\/2025\/04\/IMG-20250304-WA0000.jpg\" alt=\"\" width=\"504\" height=\"441\" srcset=\"http:\/\/tudagbi.cluster028.hosting.ovh.net\/wp-content\/uploads\/2025\/04\/IMG-20250304-WA0000.jpg 800w, http:\/\/tudagbi.cluster028.hosting.ovh.net\/wp-content\/uploads\/2025\/04\/IMG-20250304-WA0000-300x262.jpg 300w, http:\/\/tudagbi.cluster028.hosting.ovh.net\/wp-content\/uploads\/2025\/04\/IMG-20250304-WA0000-768x671.jpg 768w, http:\/\/tudagbi.cluster028.hosting.ovh.net\/wp-content\/uploads\/2025\/04\/IMG-20250304-WA0000-343x300.jpg 343w\" sizes=\"auto, (max-width: 504px) 100vw, 504px\" \/><\/h4>\n<p style=\"text-align: left; padding-left: 40px;\" align=\"center\"><strong><i>De la gauche vers la droite :<\/i><\/strong><\/p>\n<p style=\"text-align: left; padding-left: 40px;\" align=\"center\"><em>Premier rang<\/em><\/p>\n<p style=\"text-align: left; padding-left: 40px;\" align=\"center\"><strong>Anne-Marie GUILLOUX<\/strong> : Pr\u00e9sidente<\/p>\n<p style=\"text-align: left; padding-left: 40px;\" align=\"center\"><strong>Nelly ROBERT<\/strong> : Tr\u00e9sori\u00e8re adjointe<\/p>\n<p style=\"text-align: left; padding-left: 40px;\" align=\"center\"><strong>Soizic LE LAIRRE<\/strong> : Membre<\/p>\n<p style=\"text-align: left; padding-left: 40px;\" align=\"center\"><em>Deuxi\u00e8me rang<\/em><\/p>\n<p style=\"text-align: left; padding-left: 40px;\" align=\"center\"><strong>Annick BRIAND <\/strong>: Membre<\/p>\n<p style=\"text-align: left; padding-left: 40px;\" align=\"center\"><strong>Carole VAUDEVIRE <\/strong>: Membre<\/p>\n<p style=\"text-align: left; padding-left: 40px;\" align=\"center\"><strong>Patricia PEILLET<\/strong> : Secr\u00e9taire adjointe<\/p>\n<p style=\"text-align: left; padding-left: 40px;\" align=\"center\"><strong>Mireille ROYER<\/strong> : Membre<\/p>\n<p style=\"text-align: left; padding-left: 40px;\" align=\"center\"><strong>Marie-Christine LORVELLEC<\/strong> : Tr\u00e9sori\u00e8re<\/p>\n<p style=\"text-align: left; padding-left: 40px;\" align=\"center\"><strong>Marie LE GARREC<\/strong> : Secr\u00e9taire&nbsp;<\/p>\n<h2 style=\"text-align: center;\"><span style=\"font-size: 24pt;\"><strong>Les animateurs<\/strong><\/span><\/h2>\n<p><img loading=\"lazy\" decoding=\"async\" class=\"aligncenter wp-image-2291 size-medium\" src=\"http:\/\/tudagbi.cluster028.hosting.ovh.net\/wp-content\/uploads\/2024\/06\/Les-animateurs-2024-2-300x162.png\" alt=\"\" width=\"300\" height=\"162\" srcset=\"http:\/\/tudagbi.cluster028.hosting.ovh.net\/wp-content\/uploads\/2024\/06\/Les-animateurs-2024-2-300x162.png 300w, http:\/\/tudagbi.cluster028.hosting.ovh.net\/wp-content\/uploads\/2024\/06\/Les-animateurs-2024-2-1024x553.png 1024w, http:\/\/tudagbi.cluster028.hosting.ovh.net\/wp-content\/uploads\/2024\/06\/Les-animateurs-2024-2-768x415.png 768w, http:\/\/tudagbi.cluster028.hosting.ovh.net\/wp-content\/uploads\/2024\/06\/Les-animateurs-2024-2-1536x830.png 1536w, http:\/\/tudagbi.cluster028.hosting.ovh.net\/wp-content\/uploads\/2024\/06\/Les-animateurs-2024-2-500x270.png 500w, http:\/\/tudagbi.cluster028.hosting.ovh.net\/wp-content\/uploads\/2024\/06\/Les-animateurs-2024-2-1320x713.png 1320w, http:\/\/tudagbi.cluster028.hosting.ovh.net\/wp-content\/uploads\/2024\/06\/Les-animateurs-2024-2.png 1635w\" sizes=\"auto, (max-width: 300px) 100vw, 300px\" \/><\/p>\n<p style=\"padding-left: 40px;\"><strong>Teddy CHASLES<\/strong>: Renforcement musculaire, gym \u00e9quilibre, gym douce, gym sp\u00e9ciale &#8220;Hommes&#8221;.<\/p>\n<p style=\"padding-left: 40px;\"><strong>Ga\u00eblle EVELLIN-PANNIER<\/strong> : A\u00e9ro-latino.<\/p>\n<p style=\"text-align: left; padding-left: 40px;\"><strong>H\u00e9l\u00e8ne ARNOU<\/strong> : Marche nordique.<\/p>\n<p style=\"text-align: left; padding-left: 40px;\"><strong>Sandrine DUVACHER<\/strong> : Renforcement musculaire, fitball, cross-training Sant\u00e9, stretching.<\/p>\n<p style=\"padding-left: 40px;\"><strong>Annick TRAVERS<\/strong> : &#8220;Danses du monde&#8221;.<\/p>\n<p style=\"text-align: left; padding-left: 40px;\"><strong>Isabelle OREAC&nbsp;<\/strong>: Renforcement musculaire, Oxyg\u00e8ne, Bodyzen, marche nordique et stretching.<strong>&nbsp;<\/strong><\/p>\n<p style=\"text-align: center;\">&nbsp; &nbsp; &nbsp; &nbsp; &nbsp;<span style=\"font-size: 12pt;\"><strong>Absents sur la photo :<\/strong><\/span><\/p>\n<p style=\"text-align: left; padding-left: 40px;\"><strong>Jacky PICHONNIERE :<\/strong> Pilates et gym douce.<\/p>\n<p style=\"text-align: left; padding-left: 40px;\"><strong>Erwan BLANCHET <\/strong>: R\u00e9cr\u00e9aGYM &#8220;enfants 3-6 ans&#8221;.<\/p>\n<p>&nbsp; &nbsp; &nbsp; &nbsp; &nbsp;<strong>L\u00e9andre CHATAIGNERE<\/strong> : Renforcement musculaire.<\/p>\n","protected":false},"excerpt":{"rendered":"<p>Le bureau De la gauche vers la droite : Premier rang Anne-Marie GUILLOUX : Pr\u00e9sidente Nelly ROBERT : Tr\u00e9sori\u00e8re adjointe Soizic LE LAIRRE : Membre Deuxi\u00e8me rang Annick BRIAND : Membre Carole VAUDEVIRE : Membre Patricia PEILLET : Secr\u00e9taire adjointe &hellip; <a href=\"http:\/\/tudagbi.cluster028.hosting.ovh.net\/?page_id=2073\">Continuer la lecture <span class=\"meta-nav\">&rarr;<\/span><\/a><\/p>\n","protected":false},"author":1,"featured_media":0,"parent":0,"menu_order":0,"comment_status":"closed","ping_status":"closed","template":"","meta":{"ngg_post_thumbnail":0,"footnotes":""},"class_list":["post-2073","page","type-page","status-publish","hentry"],"jetpack_sharing_enabled":true,"_links":{"self":[{"href":"http:\/\/tudagbi.cluster028.hosting.ovh.net\/index.php?rest_route=\/wp\/v2\/pages\/2073","targetHints":{"allow":["GET"]}}],"collection":[{"href":"http:\/\/tudagbi.cluster028.hosting.ovh.net\/index.php?rest_route=\/wp\/v2\/pages"}],"about":[{"href":"http:\/\/tudagbi.cluster028.hosting.ovh.net\/index.php?rest_route=\/wp\/v2\/types\/page"}],"author":[{"embeddable":true,"href":"http:\/\/tudagbi.cluster028.hosting.ovh.net\/index.php?rest_route=\/wp\/v2\/users\/1"}],"replies":[{"embeddable":true,"href":"http:\/\/tudagbi.cluster028.hosting.ovh.net\/index.php?rest_route=%2Fwp%2Fv2%2Fcomments&post=2073"}],"version-history":[{"count":18,"href":"http:\/\/tudagbi.cluster028.hosting.ovh.net\/index.php?rest_route=\/wp\/v2\/pages\/2073\/revisions"}],"predecessor-version":[{"id":2443,"href":"http:\/\/tudagbi.cluster028.hosting.ovh.net\/index.php?rest_route=\/wp\/v2\/pages\/2073\/revisions\/2443"}],"wp:attachment":[{"href":"http:\/\/tudagbi.cluster028.hosting.ovh.net\/index.php?rest_route=%2Fwp%2Fv2%2Fmedia&parent=2073"}],"curies":[{"name":"wp","href":"https:\/\/api.w.org\/{rel}","templated":true}]}}