{"id":2176,"date":"2023-07-01T11:42:21","date_gmt":"2023-07-01T09:42:21","guid":{"rendered":"http:\/\/tudagbi.cluster028.hosting.ovh.net\/?page_id=2176"},"modified":"2024-06-15T19:03:44","modified_gmt":"2024-06-15T17:03:44","slug":"activites-proposees","status":"publish","type":"page","link":"http:\/\/tudagbi.cluster028.hosting.ovh.net\/?page_id=2176","title":{"rendered":"Les activit\u00e9s propos\u00e9es"},"content":{"rendered":"<p align=\"LEFT\"><span style=\"color: #ffffff;\"><strong><span style=\"font-family: times new roman, times, serif; font-size: 14pt;\">La cotisation 2024\/2025, de 129 \u20ac, vous donne acc\u00e8s en illimit\u00e9 \u00e0 tous les cours \u00e0 l&#8217;exception des cours Pilates, cross training &#8220;Sport sant\u00e9&#8221; et marche nordique qui font l&#8217;objet d&#8217;une cotisation suppl\u00e9mentaire annuelle de 50 \u20ac par cours.<\/span><\/strong><\/span><\/p>\n<p align=\"LEFT\"><span style=\"font-size: 14pt;\">Cliquez sur une activit\u00e9 pour obtenir les informations la concernant.<\/span><\/p>\n<p style=\"text-align: center;\" align=\"LEFT\"><span style=\"text-decoration: underline;\"><strong><span style=\"color: #ff0000; font-size: 18pt; text-decoration: underline;\">EN INTERIEUR<br \/>\n<\/span><\/strong><\/span><\/p>\n<h1 class=\"western\" style=\"text-align: center;\"><span style=\"font-family: times new roman, times, serif;\"><strong><span style=\"font-size: 18pt; color: #00ff00;\"><a style=\"color: #00ff00;\" href=\"http:\/\/tudagbi.cluster028.hosting.ovh.net\/wp-content\/uploads\/2023\/07\/Fitlball.jpg\"><span style=\"text-decoration: underline;\">Fitball<\/span><\/a><\/span><\/strong><\/span><\/h1>\n<h1 class=\"western\" lang=\"zxx\" style=\"text-align: center;\"><strong><span style=\"color: #00ff00; font-size: 18pt;\"><span style=\"font-family: Times New Roman, serif;\"><u><a style=\"color: #00ff00;\" href=\"http:\/\/tudagbi.cluster028.hosting.ovh.net\/?page_id=53\">Pilates<\/a><\/u><\/span><\/span><\/strong><\/h1>\n<p lang=\"zxx\" style=\"text-align: center;\"><strong><span style=\"color: #00ff00; font-size: 18pt;\"><span style=\"font-family: Times New Roman, serif;\"><u><a style=\"color: #00ff00;\" href=\"http:\/\/tudagbi.cluster028.hosting.ovh.net\/?page_id=57\">Bodyzen<\/a><\/u><\/span><\/span><\/strong><\/p>\n<p style=\"text-align: center;\"><strong><span style=\"font-size: 18pt; color: #00ff00;\"><a style=\"color: #00ff00;\" href=\"http:\/\/tudagbi.cluster028.hosting.ovh.net\/?page_id=60\"><span style=\"font-family: Times New Roman, serif;\"><span lang=\"zxx\"><u>Cross-Training &#8220;Sport-sant\u00e9&#8221;<\/u><\/span><\/span><\/a><\/span><\/strong><\/p>\n<p style=\"text-align: center;\"><strong><span style=\"font-size: 18pt; color: #00ff00;\"><a style=\"color: #00ff00;\" href=\"http:\/\/tudagbi.cluster028.hosting.ovh.net\/?page_id=65\"><span style=\"font-family: Times New Roman, serif;\"><span lang=\"zxx\"><u>A\u00e9ro-latino<\/u><\/span><\/span><\/a><\/span><\/strong><\/p>\n<p style=\"text-align: center;\"><strong><span style=\"font-size: 18pt; color: #00ff00;\"><a style=\"color: #00ff00;\" href=\"http:\/\/tudagbi.cluster028.hosting.ovh.net\/?page_id=67\"><span style=\"font-family: Times New Roman, serif;\"><span lang=\"zxx\"><u>Stretching<\/u><\/span><\/span><\/a><\/span><\/strong><\/p>\n<p style=\"text-align: center;\"><strong><span style=\"font-size: 18pt; color: #00ff00;\"><span style=\"font-family: Times New Roman, serif;\"><span lang=\"zxx\"><u>Renforcement musculaire<\/u><\/span><\/span><\/span><\/strong><u><\/u><\/p>\n<p style=\"text-align: center;\"><span style=\"text-decoration: underline;\"><strong><a href=\"http:\/\/tudagbi.cluster028.hosting.ovh.net\/?page_id=320\"><span lang=\"zxx\"><span style=\"color: #00ff00; font-size: 18pt; text-decoration: underline;\">Gym &#8220;hommes&#8221;<\/span><\/span><\/a><\/strong><\/span><\/p>\n<p style=\"text-align: center;\"><a href=\"http:\/\/tudagbi.cluster028.hosting.ovh.net\/?page_id=316\"><strong><span style=\"color: #00ff00;\"><span style=\"font-size: 18pt;\"><span style=\"font-family: Times New Roman, serif;\"><span lang=\"zxx\"><u>Gym douce<\/u><\/span><\/span><\/span><\/span><\/strong><\/a><\/p>\n<p style=\"text-align: center;\"><strong><span style=\"color: #00ff00;\"><a style=\"color: #00ff00;\" href=\"http:\/\/tudagbi.cluster028.hosting.ovh.net\/?page_id=325\"><span style=\"font-size: 18pt;\"><span style=\"font-family: Times New Roman, serif;\"><span lang=\"zxx\"><u>Gym \u00e9quilibre <\/u><\/span><\/span><\/span><\/a><\/span><\/strong><\/p>\n<p style=\"text-align: center;\"><span style=\"font-family: times new roman, times, serif; font-size: 18pt;\"><strong><span style=\"color: #00ff00;\"><a style=\"color: #00ff00;\" href=\"http:\/\/tudagbi.cluster028.hosting.ovh.net\/?page_id=318\"><span lang=\"zxx\"><u>Danses du monde<\/u><\/span><\/a><\/span><\/strong><\/span><\/p>\n<p style=\"text-align: center;\"><span style=\"text-decoration: underline; color: #ff0000;\"><span style=\"font-size: 18pt;\"><strong>EN EXTERIEUR<\/strong> <\/span><\/span><\/p>\n<p style=\"text-align: center;\"><span style=\"color: #00ff00; font-size: 18pt;\"><strong><a style=\"color: #00ff00;\" href=\"http:\/\/tudagbi.cluster028.hosting.ovh.net\/?page_id=314\"><span lang=\"zxx\"><u>Marche nordique<\/u><\/span><\/a><\/strong><\/span><\/p>\n<h1 class=\"western\" style=\"text-align: center;\"><strong><span style=\"color: #00ff00; font-size: 18pt;\"><a style=\"color: #00ff00;\" href=\"http:\/\/tudagbi.cluster028.hosting.ovh.net\/?page_id=1972\"><span style=\"text-decoration: underline;\">Oxyg\u00e8ne<\/span><\/a><\/span><\/strong><\/h1>\n<p><strong>&nbsp;<\/strong><\/p>\n<p style=\"text-align: center;\"><span style=\"font-size: 18pt; font-family: times new roman, times, serif; color: #ff0000;\"><strong><span style=\"text-decoration: underline;\">ENFANTS<\/span> <\/strong><\/span><\/p>\n<p style=\"text-align: center;\"><span style=\"color: #ffffff;\"><strong>La cotisation 2024\/2025 est de 119 \u20ac pour le premier enfant puis est d\u00e9gressive.<\/strong><\/span><\/p>\n<p style=\"text-align: center;\"><span style=\"text-decoration: underline;\"><strong><span style=\"color: #00ff00; font-family: times new roman, times, serif; font-size: 18pt; text-decoration: underline;\"><a style=\"color: #00ff00; text-decoration: underline;\" href=\"http:\/\/tudagbi.cluster028.hosting.ovh.net\/?page_id=323\"><span lang=\"zxx\">R\u00e9cr\u00e9agym (enfants 3 \u00e0 5 ans)<\/span><\/a><\/span><\/strong><\/span><\/p>\n<p style=\"text-align: center;\"><strong><span style=\"color: #00ff00; font-family: times new roman, times, serif; font-size: 18pt;\">&nbsp;<\/span><\/strong><\/p>\n<p style=\"text-align: center;\">&nbsp;<\/p>\n","protected":false},"excerpt":{"rendered":"<p>La cotisation 2024\/2025, de 129 \u20ac, vous donne acc\u00e8s en illimit\u00e9 \u00e0 tous les cours \u00e0 l&#8217;exception des cours Pilates, cross training &#8220;Sport sant\u00e9&#8221; et marche nordique qui font l&#8217;objet d&#8217;une cotisation suppl\u00e9mentaire annuelle de 50 \u20ac par cours. Cliquez &hellip; <a href=\"http:\/\/tudagbi.cluster028.hosting.ovh.net\/?page_id=2176\">Continuer la lecture <span class=\"meta-nav\">&rarr;<\/span><\/a><\/p>\n","protected":false},"author":1,"featured_media":0,"parent":0,"menu_order":0,"comment_status":"closed","ping_status":"closed","template":"","meta":{"ngg_post_thumbnail":0,"footnotes":""},"class_list":["post-2176","page","type-page","status-publish","hentry"],"jetpack_sharing_enabled":true,"_links":{"self":[{"href":"http:\/\/tudagbi.cluster028.hosting.ovh.net\/index.php?rest_route=\/wp\/v2\/pages\/2176","targetHints":{"allow":["GET"]}}],"collection":[{"href":"http:\/\/tudagbi.cluster028.hosting.ovh.net\/index.php?rest_route=\/wp\/v2\/pages"}],"about":[{"href":"http:\/\/tudagbi.cluster028.hosting.ovh.net\/index.php?rest_route=\/wp\/v2\/types\/page"}],"author":[{"embeddable":true,"href":"http:\/\/tudagbi.cluster028.hosting.ovh.net\/index.php?rest_route=\/wp\/v2\/users\/1"}],"replies":[{"embeddable":true,"href":"http:\/\/tudagbi.cluster028.hosting.ovh.net\/index.php?rest_route=%2Fwp%2Fv2%2Fcomments&post=2176"}],"version-history":[{"count":26,"href":"http:\/\/tudagbi.cluster028.hosting.ovh.net\/index.php?rest_route=\/wp\/v2\/pages\/2176\/revisions"}],"predecessor-version":[{"id":2286,"href":"http:\/\/tudagbi.cluster028.hosting.ovh.net\/index.php?rest_route=\/wp\/v2\/pages\/2176\/revisions\/2286"}],"wp:attachment":[{"href":"http:\/\/tudagbi.cluster028.hosting.ovh.net\/index.php?rest_route=%2Fwp%2Fv2%2Fmedia&parent=2176"}],"curies":[{"name":"wp","href":"https:\/\/api.w.org\/{rel}","templated":true}]}}