{"id":314,"date":"2019-05-17T17:18:29","date_gmt":"2019-05-17T15:18:29","guid":{"rendered":"http:\/\/tudagbi.cluster028.hosting.ovh.net\/?page_id=314"},"modified":"2023-08-29T17:41:30","modified_gmt":"2023-08-29T15:41:30","slug":"marche-nordique","status":"publish","type":"page","link":"http:\/\/tudagbi.cluster028.hosting.ovh.net\/?page_id=314","title":{"rendered":"Marche Nordique"},"content":{"rendered":"<p>Vous recherchez une activit\u00e9 ext\u00e9rieure ludique compl\u00e8te, sans risque et b\u00e9n\u00e9fique pour votre sant\u00e9 ? La marche nordique est faite pour vous !<br \/>\nSes bienfaits : socialisation, tonicit\u00e9 cardiaque, travail de 90% de la chaine musculaire, \u00e9limination des surcharges pond\u00e9rales, renforcement de la coordination, accroissement du volume pulmonaire, \u00e9quilibre renforc\u00e9, et g\u00e9n\u00e8re une grande d\u00e9pense \u00e9nerg\u00e9tique&nbsp;: 40% de plus que lors d\u2019une marche classique. Le pratiquant gagne 30% de propulsion comparativement \u00e0 une marche sans les b\u00e2tons !<\/p>\n<p>Du point de vue \u00e9nerg\u00e9tique, la marche nordique permet de br\u00fbler en moyenne 400 calories par heure contre 280 calories pour la marche normale. Ainsi elle est de 40 \u00e0 50&nbsp;% plus efficace que la randonn\u00e9e p\u00e9destre.<\/p>\n<p>Elle consiste en quoi ? c&#8217;est une marche acc\u00e9l\u00e9r\u00e9e avec des b\u00e2tons de marche sp\u00e9cifiques. On marche \u00e0 son rythme. L\u2019acquisition de la technique se r\u00e9v\u00e8le assez simple, il faut bien noter cependant que cette discipline demande une certaine rigueur.<\/p>\n<p>De bonnes chaussures de sport \u00e0 semelles anti-d\u00e9rapantes sont n\u00e9cessaires, l\u2019\u00e9quipement doit \u00eatre pr\u00e9vu en fonction des conditions climatiques du jour&#8230;.<\/p>\n<p>Deux cours sont propos\u00e9s :<\/p>\n<ul>\n<li>un cours le jeudi avec H\u00e9l\u00e8ne : orient\u00e9 plut\u00f4t sportif;<\/li>\n<li>un cours le vendredi avec Isabelle : orient\u00e9 plut\u00f4t loisirs.<\/li>\n<\/ul>\n<p class=\"Style1\"><strong>Cours \u00e0 effectif limit\u00e9.<\/strong> Dur\u00e9e 1h30.un<\/p>\n<p class=\"Style1\">A noter : l&#8217;inscription \u00e0 ce cours vous autorise \u00e0 assister en parall\u00e8le \u00e0 un ou plusieurs autres cours (sauf Pilates et cross-training) sans suppl\u00e9ment de tarif.<\/p>\n<p><strong>&nbsp;<\/strong><\/p>\n","protected":false},"excerpt":{"rendered":"<p>Vous recherchez une activit\u00e9 ext\u00e9rieure ludique compl\u00e8te, sans risque et b\u00e9n\u00e9fique pour votre sant\u00e9 ? La marche nordique est faite pour vous ! Ses bienfaits : socialisation, tonicit\u00e9 cardiaque, travail de 90% de la chaine musculaire, \u00e9limination des surcharges pond\u00e9rales, &hellip; <a href=\"http:\/\/tudagbi.cluster028.hosting.ovh.net\/?page_id=314\">Continuer la lecture <span class=\"meta-nav\">&rarr;<\/span><\/a><\/p>\n","protected":false},"author":1,"featured_media":0,"parent":0,"menu_order":0,"comment_status":"closed","ping_status":"closed","template":"","meta":{"ngg_post_thumbnail":0,"footnotes":""},"class_list":["post-314","page","type-page","status-publish","hentry"],"jetpack_sharing_enabled":true,"_links":{"self":[{"href":"http:\/\/tudagbi.cluster028.hosting.ovh.net\/index.php?rest_route=\/wp\/v2\/pages\/314","targetHints":{"allow":["GET"]}}],"collection":[{"href":"http:\/\/tudagbi.cluster028.hosting.ovh.net\/index.php?rest_route=\/wp\/v2\/pages"}],"about":[{"href":"http:\/\/tudagbi.cluster028.hosting.ovh.net\/index.php?rest_route=\/wp\/v2\/types\/page"}],"author":[{"embeddable":true,"href":"http:\/\/tudagbi.cluster028.hosting.ovh.net\/index.php?rest_route=\/wp\/v2\/users\/1"}],"replies":[{"embeddable":true,"href":"http:\/\/tudagbi.cluster028.hosting.ovh.net\/index.php?rest_route=%2Fwp%2Fv2%2Fcomments&post=314"}],"version-history":[{"count":6,"href":"http:\/\/tudagbi.cluster028.hosting.ovh.net\/index.php?rest_route=\/wp\/v2\/pages\/314\/revisions"}],"predecessor-version":[{"id":2245,"href":"http:\/\/tudagbi.cluster028.hosting.ovh.net\/index.php?rest_route=\/wp\/v2\/pages\/314\/revisions\/2245"}],"wp:attachment":[{"href":"http:\/\/tudagbi.cluster028.hosting.ovh.net\/index.php?rest_route=%2Fwp%2Fv2%2Fmedia&parent=314"}],"curies":[{"name":"wp","href":"https:\/\/api.w.org\/{rel}","templated":true}]}}