{"id":318,"date":"2019-05-17T17:20:46","date_gmt":"2019-05-17T15:20:46","guid":{"rendered":"http:\/\/tudagbi.cluster028.hosting.ovh.net\/?page_id=318"},"modified":"2023-07-01T14:50:50","modified_gmt":"2023-07-01T12:50:50","slug":"danses-du-monde","status":"publish","type":"page","link":"http:\/\/tudagbi.cluster028.hosting.ovh.net\/?page_id=318","title":{"rendered":"Danses du monde"},"content":{"rendered":"<p class=\"Style1\"><strong>Un extrait d&#8217;une revue de la FFEPGV : <\/strong> <strong>\u00ab&nbsp;&#8211; Qu&#8217;est-ce qui motive l&#8217;activit\u00e9 sportive ? l&#8217;envie de sculpter son corps, de conserver la forme et ses capacit\u00e9s physiques, de se d\u00e9penser, de se changer les id\u00e9es, d&#8217;\u00eatre avec d&#8217;autres&#8230; Avec la danse, tous ces ingr\u00e9dients sont r\u00e9unis.<\/strong><\/p>\n<blockquote>\n<p class=\"Style1\"><strong>&#8211; La danse favorise la recherche de l&#8217;\u00e9quilibre et repose sur une bonne utilisation des muscles et de l&#8217;\u00e9nergie. Sur le plan musculaire, tout le corps travaille au service du geste&#8230;On apprend \u00e0 mieux coordonner les mouvements des bras et des jambes. Apprendre les pas et les chor\u00e9graphies sont autant d&#8217;exercices pour la m\u00e9moire.<br \/>\n&#8211; La danse favorise le bien-\u00eatre g\u00e9n\u00e9ral, \u00e9veille l&#8217;esprit \u00e0 la musique et permet d&#8217;\u00e9vacuer les soucis&#8230; on l\u00e2che prise, c&#8217;est un excellent rem\u00e8de contre le stress&#8230;<br \/>\n&#8211; C&#8217;est aussi un formidable moyen de socialisation&#8230;&nbsp;\u00bb Au cours des s\u00e9ances, divers objectifs sont \u00e0 atteindre par les participants : la coordination motrice, le renforcement musculaire, l&#8217;\u00e9quilibre, la souplesse, l&#8217;agilit\u00e9, la m\u00e9moire, le cardio respiratoire, la bonne \u00e9coute des phrases musicales, l&#8217;expression corporelle propre \u00e0 chacun&#8230;<\/strong><\/p>\n<\/blockquote>\n<p class=\"Style1\"><strong> Le but de cette s\u00e9ance GV est de permettre le mouvement, le plaisir et le progr\u00e8s&#8230; Aux sons de tr\u00e8s jolies musiques, vous partirez aux 4 coins du monde : Portugal, Gr\u00e8ce, Isra\u00ebl, Italie, Roumanie, Bulgarie, Finlande, \u00c9cosse, Irlande, Etats-Unis, Br\u00e9sil, Mexique, Chili, etc\u2026. sans oublier les incontournables danses en ligne : cha-cha-cha, madison, country, tarentelle, rock, samba, etc\u2026<\/strong><\/p>\n<p>Venez vite nous rejoindre, dans la joie, la convivialit\u00e9, et la bonne humeur !<\/p>\n<p class=\"Style1\"><strong>Pr\u00e9voir d&#8217;apporter des chaussures confortables et sans talons &#8220;aiguilles&#8221;.<\/strong><\/p>\n<p class=\"Style1\"><strong>Les cours de danse commencent chaque ann\u00e9e le dernier vendredi de septembre.<br \/>\n<\/strong><\/p>\n<p class=\"Style1\">&nbsp;<\/p>\n","protected":false},"excerpt":{"rendered":"<p>Un extrait d&#8217;une revue de la FFEPGV : \u00ab&nbsp;&#8211; Qu&#8217;est-ce qui motive l&#8217;activit\u00e9 sportive ? l&#8217;envie de sculpter son corps, de conserver la forme et ses capacit\u00e9s physiques, de se d\u00e9penser, de se changer les id\u00e9es, d&#8217;\u00eatre avec d&#8217;autres&#8230; Avec &hellip; <a href=\"http:\/\/tudagbi.cluster028.hosting.ovh.net\/?page_id=318\">Continuer la lecture <span class=\"meta-nav\">&rarr;<\/span><\/a><\/p>\n","protected":false},"author":1,"featured_media":0,"parent":0,"menu_order":0,"comment_status":"closed","ping_status":"closed","template":"","meta":{"ngg_post_thumbnail":0,"footnotes":""},"class_list":["post-318","page","type-page","status-publish","hentry"],"jetpack_sharing_enabled":true,"_links":{"self":[{"href":"http:\/\/tudagbi.cluster028.hosting.ovh.net\/index.php?rest_route=\/wp\/v2\/pages\/318","targetHints":{"allow":["GET"]}}],"collection":[{"href":"http:\/\/tudagbi.cluster028.hosting.ovh.net\/index.php?rest_route=\/wp\/v2\/pages"}],"about":[{"href":"http:\/\/tudagbi.cluster028.hosting.ovh.net\/index.php?rest_route=\/wp\/v2\/types\/page"}],"author":[{"embeddable":true,"href":"http:\/\/tudagbi.cluster028.hosting.ovh.net\/index.php?rest_route=\/wp\/v2\/users\/1"}],"replies":[{"embeddable":true,"href":"http:\/\/tudagbi.cluster028.hosting.ovh.net\/index.php?rest_route=%2Fwp%2Fv2%2Fcomments&post=318"}],"version-history":[{"count":4,"href":"http:\/\/tudagbi.cluster028.hosting.ovh.net\/index.php?rest_route=\/wp\/v2\/pages\/318\/revisions"}],"predecessor-version":[{"id":2209,"href":"http:\/\/tudagbi.cluster028.hosting.ovh.net\/index.php?rest_route=\/wp\/v2\/pages\/318\/revisions\/2209"}],"wp:attachment":[{"href":"http:\/\/tudagbi.cluster028.hosting.ovh.net\/index.php?rest_route=%2Fwp%2Fv2%2Fmedia&parent=318"}],"curies":[{"name":"wp","href":"https:\/\/api.w.org\/{rel}","templated":true}]}}