{"id":320,"date":"2019-05-17T17:21:53","date_gmt":"2019-05-17T15:21:53","guid":{"rendered":"http:\/\/tudagbi.cluster028.hosting.ovh.net\/?page_id=320"},"modified":"2023-07-01T14:45:22","modified_gmt":"2023-07-01T12:45:22","slug":"gym-hommes","status":"publish","type":"page","link":"http:\/\/tudagbi.cluster028.hosting.ovh.net\/?page_id=320","title":{"rendered":"Gym &#8220;Hommes&#8221;"},"content":{"rendered":"<table width=\"300\" cellspacing=\"0\" cellpadding=\"0\" border=\"0\">\n<tbody>\n<tr>\n<td width=\"230\" align=\"center\">\n<h2 class=\"centre\">&nbsp;<\/h2>\n<h2 class=\"Style1\"><span style=\"font-size: 12pt;\">COURS SP\u00c9CIFIQUE<\/span><br \/>\n<span style=\"font-size: 12pt;\">POUR HOMMES<\/span><\/h2>\n<p>&nbsp;<\/td>\n<td width=\"70\">\n<p class=\"centre\">&nbsp;&nbsp;&nbsp;&nbsp;&nbsp;&nbsp;&nbsp;&nbsp;&nbsp;&nbsp;<\/p>\n<\/td>\n<\/tr>\n<\/tbody>\n<\/table>\n<h3 class=\"gauche\">&nbsp;<\/h3>\n<blockquote>\n<h3 class=\"gauche\"><span style=\"font-size: 12pt;\">Un cours de gymnastique d\u00e9di\u00e9 aux hommes ! Pourquoi ? Quelles diff\u00e9rences avec un cours pour dames&nbsp;?<\/span><\/h3>\n<h3 class=\"gauche\"><span style=\"font-size: 12pt;\">Il y en a 2 principales. Tout d\u2019abord, les hommes ne veulent pas travailler dans la douceur, la chor\u00e9graphie, ni d\u2019avoir \u00e0 coordonner les gestes. Ils ne veulent pas non plus avoir l&#8217;impression de ne pas avancer !<\/span><\/h3>\n<h3 class=\"gauche\"><span style=\"font-size: 12pt;\">Ils sont volontaires, et viennent pour travailler la souplesse, les articulations et le renforcement musculaire. <span class=\"justifier\">C&#8217;est un cours sp\u00e9cifique et plus physique, alliant musculation avec petits mat\u00e9riels, \u00e9tirements, parcours athl\u00e9tiques, circuit training et jeux collectifs, sans esprit de comp\u00e9tition, dont l&#8217;objectif est de retrouver et d&#8217;am\u00e9liorer sa condition physique&#8230;<\/span><\/span><\/h3>\n<h3 class=\"gauche\"><span style=\"font-size: 12pt;\">Messieurs, n&#8217;h\u00e9sitez pas, venez voir, testez un cours, et certainement, vous finirez par adopter &#8230;&#8230;<\/span><\/h3>\n<h3 class=\"gauche\"><span style=\"color: #ff0000; font-size: 12pt;\"><strong>Lieu : Halle des Sports du Lyc\u00e9e S\u00e9vign\u00e9.<\/strong><\/span><\/h3>\n<p><span style=\"font-size: 12pt;\">Se munir d&#8217;une tenue de sport et de chaussures destin\u00e9es \u00e0 un sport exclusif en salle, pr\u00e9voir la bouteille d&#8217;eau !<\/span><\/p><\/blockquote>\n<div align=\"center\">&nbsp;<\/div>\n","protected":false},"excerpt":{"rendered":"<p>&nbsp; COURS SP\u00c9CIFIQUE POUR HOMMES &nbsp; &nbsp;&nbsp;&nbsp;&nbsp;&nbsp;&nbsp;&nbsp;&nbsp;&nbsp;&nbsp; &nbsp; Un cours de gymnastique d\u00e9di\u00e9 aux hommes ! Pourquoi ? Quelles diff\u00e9rences avec un cours pour dames&nbsp;? Il y en a 2 principales. Tout d\u2019abord, les hommes ne veulent pas travailler dans &hellip; <a href=\"http:\/\/tudagbi.cluster028.hosting.ovh.net\/?page_id=320\">Continuer la lecture <span class=\"meta-nav\">&rarr;<\/span><\/a><\/p>\n","protected":false},"author":1,"featured_media":0,"parent":0,"menu_order":0,"comment_status":"closed","ping_status":"closed","template":"","meta":{"ngg_post_thumbnail":0,"footnotes":""},"class_list":["post-320","page","type-page","status-publish","hentry"],"jetpack_sharing_enabled":true,"_links":{"self":[{"href":"http:\/\/tudagbi.cluster028.hosting.ovh.net\/index.php?rest_route=\/wp\/v2\/pages\/320","targetHints":{"allow":["GET"]}}],"collection":[{"href":"http:\/\/tudagbi.cluster028.hosting.ovh.net\/index.php?rest_route=\/wp\/v2\/pages"}],"about":[{"href":"http:\/\/tudagbi.cluster028.hosting.ovh.net\/index.php?rest_route=\/wp\/v2\/types\/page"}],"author":[{"embeddable":true,"href":"http:\/\/tudagbi.cluster028.hosting.ovh.net\/index.php?rest_route=\/wp\/v2\/users\/1"}],"replies":[{"embeddable":true,"href":"http:\/\/tudagbi.cluster028.hosting.ovh.net\/index.php?rest_route=%2Fwp%2Fv2%2Fcomments&post=320"}],"version-history":[{"count":6,"href":"http:\/\/tudagbi.cluster028.hosting.ovh.net\/index.php?rest_route=\/wp\/v2\/pages\/320\/revisions"}],"predecessor-version":[{"id":2207,"href":"http:\/\/tudagbi.cluster028.hosting.ovh.net\/index.php?rest_route=\/wp\/v2\/pages\/320\/revisions\/2207"}],"wp:attachment":[{"href":"http:\/\/tudagbi.cluster028.hosting.ovh.net\/index.php?rest_route=%2Fwp%2Fv2%2Fmedia&parent=320"}],"curies":[{"name":"wp","href":"https:\/\/api.w.org\/{rel}","templated":true}]}}