{"id":60,"date":"2019-05-10T14:30:59","date_gmt":"2019-05-10T12:30:59","guid":{"rendered":"http:\/\/localhost\/gym\/?page_id=60"},"modified":"2023-07-02T10:40:37","modified_gmt":"2023-07-02T08:40:37","slug":"cross-training-sport-sante","status":"publish","type":"page","link":"http:\/\/tudagbi.cluster028.hosting.ovh.net\/?page_id=60","title":{"rendered":"Cross-Training &#8220;Sport-Sant\u00e9&#8221;"},"content":{"rendered":"<p style=\"text-align: center;\"><strong>C\u2019est une m\u00e9thode d\u2019entra\u00eenement physique regroupant des exercices issus de diff\u00e9rentes disciplines. Elle vise l\u2019am\u00e9lioration de la condition physique g\u00e9n\u00e9rale en sollicitant toutes les cha\u00eenes musculaires plut\u00f4t qu\u2019un muscle isol\u00e9. A l\u2019aide d\u2019un mat\u00e9riel sp\u00e9cifique et vari\u00e9 dispos\u00e9 dans la salle, la s\u00e9ance se d\u00e9roule sous forme de blocs d\u2019exercices, souvent en musique. Les objectifs principaux sont le d\u00e9veloppement de la fonction cardio-respiratoire, le renforcement des cha\u00eenes musculaires(travail en puissance et en endurance).<\/strong><\/p>\n<p style=\"text-align: center;\"><a href=\"https:\/\/ffepgv.fr\/pratique\/cross-training-sport-sante-energy\"><strong>Cliquez ici pour plus d&#8217;informations<\/strong><\/a><\/p>\n<p style=\"text-align: center;\"><a href=\"https:\/\/www.youtube.com\/watch?v=ZcKp1icRHFs\"><strong>Cliquez ici pour visionner une vid\u00e9o<\/strong> <\/a><\/p>\n<h1>Public : Femmes et Hommes de 18 \u00e0 45 ans<\/h1>\n<p><span style=\"font-size: 18pt;\">Quelques vid\u00e9os en plus &#8230;<br \/>\n<\/span><\/p>\n<p><strong>D\u00e9sol\u00e9 pour la qualit\u00e9 ! De plus il semblerait que \u00e7a ne fonctionne pas avec tous les navigateurs. Avec Firefox \u00e7a marche !<br \/>\n<\/strong><\/p>\n<div class=\"arve\" data-mode=\"normal\" data-provider=\"html5\" id=\"arve-html5-69e1772d4fffd627439835\" style=\"max-width:584px;\">\n<span class=\"arve-inner\">\n<span class=\"arve-embed\" style=\"aspect-ratio: \">\n<video controls controlslist preload=\"metadata\" data-arve=\"arve-html5-69e1772d4fffd627439835\" class=\"arve-video fitvidsignore\">\n<source type=\"video\/mp4\" src=\"http:\/\/tudagbi.cluster028.hosting.ovh.net\/wp-content\/uploads\/2022\/05\/Cross-Training-Adultes-1.mp4\">\n<\/video>\n\n<\/span>\n\n<\/span>\n<script type=\"application\/ld+json\">{\"@context\":\"http:\\\/\\\/schema.org\\\/\",\"@id\":\"http:\\\/\\\/tudagbi.cluster028.hosting.ovh.net\\\/?page_id=60#arve-html5-69e1772d4fffd627439835\",\"type\":\"VideoObject\",\"contentURL\":\"http:\\\/\\\/tudagbi.cluster028.hosting.ovh.net\\\/wp-content\\\/uploads\\\/2022\\\/05\\\/Cross-Training-Adultes-1.mp4\"}<\/script>\n<\/div>\n\n<div class=\"arve\" data-mode=\"normal\" data-provider=\"html5\" id=\"arve-html5-69e1772d50292861240746\" style=\"max-width:584px;\">\n<span class=\"arve-inner\">\n<span class=\"arve-embed\" style=\"aspect-ratio: \">\n<video controls controlslist preload=\"metadata\" data-arve=\"arve-html5-69e1772d50292861240746\" class=\"arve-video fitvidsignore\">\n<source type=\"video\/mp4\" src=\"http:\/\/tudagbi.cluster028.hosting.ovh.net\/wp-content\/uploads\/2022\/05\/Cross-Training-Adultes-2.mp4\">\n<\/video>\n\n<\/span>\n\n<\/span>\n<script type=\"application\/ld+json\">{\"@context\":\"http:\\\/\\\/schema.org\\\/\",\"@id\":\"http:\\\/\\\/tudagbi.cluster028.hosting.ovh.net\\\/?page_id=60#arve-html5-69e1772d50292861240746\",\"type\":\"VideoObject\",\"contentURL\":\"http:\\\/\\\/tudagbi.cluster028.hosting.ovh.net\\\/wp-content\\\/uploads\\\/2022\\\/05\\\/Cross-Training-Adultes-2.mp4\"}<\/script>\n<\/div>\n\n<div class=\"arve\" data-mode=\"normal\" data-provider=\"html5\" id=\"arve-html5-69e1772d504e7957186662\" style=\"max-width:584px;\">\n<span class=\"arve-inner\">\n<span class=\"arve-embed\" style=\"aspect-ratio: \">\n<video controls controlslist preload=\"metadata\" data-arve=\"arve-html5-69e1772d504e7957186662\" class=\"arve-video fitvidsignore\">\n<source type=\"video\/mp4\" src=\"http:\/\/tudagbi.cluster028.hosting.ovh.net\/wp-content\/uploads\/2022\/05\/Cross-Training-Adultes-3.mp4\">\n<\/video>\n\n<\/span>\n\n<\/span>\n<script type=\"application\/ld+json\">{\"@context\":\"http:\\\/\\\/schema.org\\\/\",\"@id\":\"http:\\\/\\\/tudagbi.cluster028.hosting.ovh.net\\\/?page_id=60#arve-html5-69e1772d504e7957186662\",\"type\":\"VideoObject\",\"contentURL\":\"http:\\\/\\\/tudagbi.cluster028.hosting.ovh.net\\\/wp-content\\\/uploads\\\/2022\\\/05\\\/Cross-Training-Adultes-3.mp4\"}<\/script>\n<\/div>\n\n<div class=\"arve\" data-mode=\"normal\" data-provider=\"html5\" id=\"arve-html5-69e1772d50735167909332\" style=\"max-width:584px;\">\n<span class=\"arve-inner\">\n<span class=\"arve-embed\" style=\"aspect-ratio: \">\n<video controls controlslist preload=\"metadata\" data-arve=\"arve-html5-69e1772d50735167909332\" class=\"arve-video fitvidsignore\">\n<source type=\"video\/mp4\" src=\"http:\/\/tudagbi.cluster028.hosting.ovh.net\/wp-content\/uploads\/2022\/05\/Cross-Training-Adultes-4.mp4\">\n<\/video>\n\n<\/span>\n\n<\/span>\n<script type=\"application\/ld+json\">{\"@context\":\"http:\\\/\\\/schema.org\\\/\",\"@id\":\"http:\\\/\\\/tudagbi.cluster028.hosting.ovh.net\\\/?page_id=60#arve-html5-69e1772d50735167909332\",\"type\":\"VideoObject\",\"contentURL\":\"http:\\\/\\\/tudagbi.cluster028.hosting.ovh.net\\\/wp-content\\\/uploads\\\/2022\\\/05\\\/Cross-Training-Adultes-4.mp4\"}<\/script>\n<\/div>\n\n<h3 class=\"Style1\">&nbsp;<\/h3>\n","protected":false},"excerpt":{"rendered":"<p>C\u2019est une m\u00e9thode d\u2019entra\u00eenement physique regroupant des exercices issus de diff\u00e9rentes disciplines. Elle vise l\u2019am\u00e9lioration de la condition physique g\u00e9n\u00e9rale en sollicitant toutes les cha\u00eenes musculaires plut\u00f4t qu\u2019un muscle isol\u00e9. A l\u2019aide d\u2019un mat\u00e9riel sp\u00e9cifique et vari\u00e9 dispos\u00e9 dans la &hellip; <a href=\"http:\/\/tudagbi.cluster028.hosting.ovh.net\/?page_id=60\">Continuer la lecture <span class=\"meta-nav\">&rarr;<\/span><\/a><\/p>\n","protected":false},"author":1,"featured_media":0,"parent":0,"menu_order":0,"comment_status":"closed","ping_status":"closed","template":"","meta":{"ngg_post_thumbnail":0,"footnotes":""},"class_list":["post-60","page","type-page","status-publish","hentry"],"jetpack_sharing_enabled":true,"_links":{"self":[{"href":"http:\/\/tudagbi.cluster028.hosting.ovh.net\/index.php?rest_route=\/wp\/v2\/pages\/60","targetHints":{"allow":["GET"]}}],"collection":[{"href":"http:\/\/tudagbi.cluster028.hosting.ovh.net\/index.php?rest_route=\/wp\/v2\/pages"}],"about":[{"href":"http:\/\/tudagbi.cluster028.hosting.ovh.net\/index.php?rest_route=\/wp\/v2\/types\/page"}],"author":[{"embeddable":true,"href":"http:\/\/tudagbi.cluster028.hosting.ovh.net\/index.php?rest_route=\/wp\/v2\/users\/1"}],"replies":[{"embeddable":true,"href":"http:\/\/tudagbi.cluster028.hosting.ovh.net\/index.php?rest_route=%2Fwp%2Fv2%2Fcomments&post=60"}],"version-history":[{"count":17,"href":"http:\/\/tudagbi.cluster028.hosting.ovh.net\/index.php?rest_route=\/wp\/v2\/pages\/60\/revisions"}],"predecessor-version":[{"id":2225,"href":"http:\/\/tudagbi.cluster028.hosting.ovh.net\/index.php?rest_route=\/wp\/v2\/pages\/60\/revisions\/2225"}],"wp:attachment":[{"href":"http:\/\/tudagbi.cluster028.hosting.ovh.net\/index.php?rest_route=%2Fwp%2Fv2%2Fmedia&parent=60"}],"curies":[{"name":"wp","href":"https:\/\/api.w.org\/{rel}","templated":true}]}}