{"id":67,"date":"2019-05-10T14:39:39","date_gmt":"2019-05-10T12:39:39","guid":{"rendered":"http:\/\/localhost\/gym\/?page_id=67"},"modified":"2023-07-01T14:38:39","modified_gmt":"2023-07-01T12:38:39","slug":"stretching","status":"publish","type":"page","link":"http:\/\/tudagbi.cluster028.hosting.ovh.net\/?page_id=67","title":{"rendered":"Stretching"},"content":{"rendered":"<p class=\"Style10\">De l\u2019anglais \u00ab&nbsp;to stretch&nbsp;\u00bb qui signifie \u00e9tirer, le stretching est cette pratique qui contribue \u00e0 am\u00e9liorer la souplesse.<\/p>\n<p class=\"Style10\">Sous l\u2019appellation \u00ab&nbsp;stretching&nbsp;\u00bb se cachent, en r\u00e9alit\u00e9, diff\u00e9rentes techniques d\u2019\u00e9tirements&nbsp;: dynamiques, actifs ou passifs. Les \u00e9tirements dynamiques mobilisent les articulations sans brusquerie, induisent un mouvement d\u2019\u00e9lan qui \u00e9tire le muscle (balancement du bras de bas en haut, par exemple)&nbsp;; ils contribuent \u00e0 l\u2019\u00e9chauffement et permettent de pr\u00e9parer \u00e0 une activit\u00e9.<\/p>\n<p class=\"Style10\">Les \u00e9tirements statiques actifs s\u2019int\u00e8grent dans les \u00e9chauffements ou en r\u00e9cup\u00e9ration active. Ils consistent \u00e0 contracter-rel\u00e2cher le muscle puis \u00e0 l\u2019\u00e9tirer.<br \/>\nLes \u00e9tirements statiques passifs (ou \u00ab&nbsp;tenus&nbsp;\u00bb) consistent \u00e0 \u00e9tirer passivement les muscles. Ce sont les plus connus. Ils sont surtout propos\u00e9s en fin de s\u00e9ance car ils apportent de la d\u00e9tente et contribuent \u00e0 regagner en souplesse.<\/p>\n<p class=\"Style10\">5 bonnes raisons de pratiquer le stretching :<\/p>\n<blockquote>\n<p class=\"Style10\">\u2022&nbsp;Pour pr\u00e9parer les muscles ou les cha\u00eenes musculaires \u00e0 l\u2019effort,<br \/>\n\u2022&nbsp;Redonner au muscle sa longueur initiale apr\u00e8s l\u2019effort,<br \/>\n\u2022&nbsp;Augmenter la mobilit\u00e9 articulaire,<br \/>\n\u2022&nbsp;Lutter contre le d\u00e9s\u00e9quilibre musculaire,<br \/>\n\u2022 Agir sur le tonus musculaire et le stress pour les abaisser.<\/p>\n<\/blockquote>\n","protected":false},"excerpt":{"rendered":"<p>De l\u2019anglais \u00ab&nbsp;to stretch&nbsp;\u00bb qui signifie \u00e9tirer, le stretching est cette pratique qui contribue \u00e0 am\u00e9liorer la souplesse. Sous l\u2019appellation \u00ab&nbsp;stretching&nbsp;\u00bb se cachent, en r\u00e9alit\u00e9, diff\u00e9rentes techniques d\u2019\u00e9tirements&nbsp;: dynamiques, actifs ou passifs. Les \u00e9tirements dynamiques mobilisent les articulations sans brusquerie, &hellip; <a href=\"http:\/\/tudagbi.cluster028.hosting.ovh.net\/?page_id=67\">Continuer la lecture <span class=\"meta-nav\">&rarr;<\/span><\/a><\/p>\n","protected":false},"author":1,"featured_media":0,"parent":0,"menu_order":0,"comment_status":"closed","ping_status":"closed","template":"","meta":{"ngg_post_thumbnail":0,"footnotes":""},"class_list":["post-67","page","type-page","status-publish","hentry"],"jetpack_sharing_enabled":true,"_links":{"self":[{"href":"http:\/\/tudagbi.cluster028.hosting.ovh.net\/index.php?rest_route=\/wp\/v2\/pages\/67","targetHints":{"allow":["GET"]}}],"collection":[{"href":"http:\/\/tudagbi.cluster028.hosting.ovh.net\/index.php?rest_route=\/wp\/v2\/pages"}],"about":[{"href":"http:\/\/tudagbi.cluster028.hosting.ovh.net\/index.php?rest_route=\/wp\/v2\/types\/page"}],"author":[{"embeddable":true,"href":"http:\/\/tudagbi.cluster028.hosting.ovh.net\/index.php?rest_route=\/wp\/v2\/users\/1"}],"replies":[{"embeddable":true,"href":"http:\/\/tudagbi.cluster028.hosting.ovh.net\/index.php?rest_route=%2Fwp%2Fv2%2Fcomments&post=67"}],"version-history":[{"count":7,"href":"http:\/\/tudagbi.cluster028.hosting.ovh.net\/index.php?rest_route=\/wp\/v2\/pages\/67\/revisions"}],"predecessor-version":[{"id":2205,"href":"http:\/\/tudagbi.cluster028.hosting.ovh.net\/index.php?rest_route=\/wp\/v2\/pages\/67\/revisions\/2205"}],"wp:attachment":[{"href":"http:\/\/tudagbi.cluster028.hosting.ovh.net\/index.php?rest_route=%2Fwp%2Fv2%2Fmedia&parent=67"}],"curies":[{"name":"wp","href":"https:\/\/api.w.org\/{rel}","templated":true}]}}